{"id":14421,"date":"2026-03-14T10:57:04","date_gmt":"2026-03-14T08:57:04","guid":{"rendered":"https:\/\/weingut-seehof.de\/shop\/?product=artikel-nr-30-252025-westhofener-morstein-riesling-auslese-jakob-95-vol-alk-075l"},"modified":"2026-03-14T10:57:04","modified_gmt":"2026-03-14T08:57:04","slug":"artikel-nr-30-252025-westhofener-morstein-riesling-auslese-jakob-95-vol-alk-075l","status":"publish","type":"product","link":"https:\/\/weingut-seehof.de\/shop\/?product=artikel-nr-30-252025-westhofener-morstein-riesling-auslese-jakob-95-vol-alk-075l","title":{"rendered":"<br>Artikel-Nr.: 30\/25<br>2025 Westhofener Morstein Riesling Auslese -Jakob-  9,5 vol. Alk.   0,75l<br>"},"content":{"rendered":"<p><!-- IBGHTML --><!-- IBGHTML -->Dieser Riesling bringt alles mit, was ein toller S\u00fc\u00dfwein ben\u00f6tigt. Eleganz, Dichte und eine tolle Aromatik nach exotischen Fr\u00fcchten, gepaart mit einer feinen S\u00e4ure.<\/p>\n<table WIDTH=\"60%\" BORDER=\"0\" align=\"left\" CELLPADDING=\"0\" CELLSPACING=\"0\"><\/p>\n<tr>\n<td width=\"53%\">Artikelnummer:<\/td>\n<td width=\"47%\"><strong>30\/25<\/strong><\/td>\n<\/tr>\n<p><\/p>\n<tr>\n<td>Inhalt<\/td>\n<td><strong>0,75 Ltr.<\/strong><\/td>\n<\/tr>\n<p><\/p>\n<tr>\n<td>Preis\/Ltr.<\/td>\n<td><strong>19,73 EUR pro Ltr.<\/strong><\/td>\n<\/tr>\n<p><\/p>\n<tr>\n<td>Weinart:<\/td>\n<td><strong>Wei\u00dfwein<\/strong><\/td>\n<\/tr>\n<p><\/p>\n<tr>\n<td>Qualit&auml;tsstufe<\/td>\n<td><strong>Auslese<\/strong><\/td>\n<\/tr>\n<p><\/p>\n<tr>\n<td>Rebsorte<\/td>\n<td><strong>Riesling<\/strong><\/td>\n<\/tr>\n<p><\/p>\n<tr>\n<td>Restzuckergehalt<\/td>\n<td><strong>93,4 g\/Ltr.<\/strong><\/td>\n<\/tr>\n<p><\/p>\n<tr>\n<td>Alkoholgehalt<\/td>\n<td><strong>9,5 Vol. %<\/strong><\/td>\n<\/tr>\n<p><\/p>\n<tr>\n<td>Bio:<\/td>\n<td><strong>NEIN<\/strong><\/td>\n<\/tr>\n<p><\/p>\n<tr>\n<td>vegan:<\/td>\n<td><strong>JA<\/strong><\/td>\n<\/tr>\n<p><\/p>\n<tr>\n<td>enth\u00e4lt Allergene:<\/td>\n<td><strong>Enth\u00e4lt Sulfite<\/strong><\/td>\n<\/tr>\n<p><\/table>\n","protected":false},"excerpt":{"rendered":"<p>Dieser Riesling bringt alles mit, was ein toller S\u00fc\u00dfwein ben\u00f6tigt. Eleganz, Dichte und eine tolle Aromatik nach exotischen Fr\u00fcchten, gepaart mit einer feinen S\u00e4ure. Artikelnummer: 30\/25 Inhalt 0,75 Ltr. Preis\/Ltr. 19,73 EUR pro Ltr. Weinart: Wei\u00dfwein Qualit&auml;tsstufe Auslese Rebsorte Riesling Restzuckergehalt 93,4 g\/Ltr. Alkoholgehalt 9,5 Vol. % Bio: NEIN vegan: JA enth\u00e4lt Allergene: Enth\u00e4lt Sulfite<\/p>\n","protected":false},"featured_media":13152,"template":"","meta":[],"product_brand":[],"product_cat":[832],"product_tag":[],"class_list":{"0":"post-14421","1":"product","2":"type-product","3":"status-publish","4":"has-post-thumbnail","6":"product_cat-fruchtige-und-edelsuesse-weine","8":"first","9":"instock","10":"taxable","11":"shipping-taxable","12":"purchasable","13":"product-type-simple"},"_links":{"self":[{"href":"https:\/\/weingut-seehof.de\/shop\/index.php?rest_route=\/wp\/v2\/product\/14421","targetHints":{"allow":["GET"]}}],"collection":[{"href":"https:\/\/weingut-seehof.de\/shop\/index.php?rest_route=\/wp\/v2\/product"}],"about":[{"href":"https:\/\/weingut-seehof.de\/shop\/index.php?rest_route=\/wp\/v2\/types\/product"}],"wp:featuredmedia":[{"embeddable":true,"href":"https:\/\/weingut-seehof.de\/shop\/index.php?rest_route=\/wp\/v2\/media\/13152"}],"wp:attachment":[{"href":"https:\/\/weingut-seehof.de\/shop\/index.php?rest_route=%2Fwp%2Fv2%2Fmedia&parent=14421"}],"wp:term":[{"taxonomy":"product_brand","embeddable":true,"href":"https:\/\/weingut-seehof.de\/shop\/index.php?rest_route=%2Fwp%2Fv2%2Fproduct_brand&post=14421"},{"taxonomy":"product_cat","embeddable":true,"href":"https:\/\/weingut-seehof.de\/shop\/index.php?rest_route=%2Fwp%2Fv2%2Fproduct_cat&post=14421"},{"taxonomy":"product_tag","embeddable":true,"href":"https:\/\/weingut-seehof.de\/shop\/index.php?rest_route=%2Fwp%2Fv2%2Fproduct_tag&post=14421"}],"curies":[{"name":"wp","href":"https:\/\/api.w.org\/{rel}","templated":true}]}}