{"id":14407,"date":"2026-03-04T09:48:51","date_gmt":"2026-03-04T07:48:51","guid":{"rendered":"https:\/\/weingut-seehof.de\/shop\/?product=artikel-nr-29-252025-westhofener-morstein-riesling-kabinett-105-vol-alk-075l"},"modified":"2026-03-04T09:48:51","modified_gmt":"2026-03-04T07:48:51","slug":"artikel-nr-29-252025-westhofener-morstein-riesling-kabinett-105-vol-alk-075l","status":"publish","type":"product","link":"https:\/\/weingut-seehof.de\/shop\/?product=artikel-nr-29-252025-westhofener-morstein-riesling-kabinett-105-vol-alk-075l","title":{"rendered":"<br>Artikel-Nr.: 29\/25<br>2025 Westhofener Morstein Riesling Kabinett 10,5 vol. Alk. 0,75l<br>"},"content":{"rendered":"<p><!-- IBGHTML --><!-- IBGHTML -->Eleganter und feinfruchtiger Riesling mit toller S\u00fc\u00dfe-S\u00e4ure-Balance. Hier bringt die Leichtigkeit so richtig Spa\u00df ins Glas. Unbedingt probieren!<\/p>\n<table WIDTH=\"60%\" BORDER=\"0\" align=\"left\" CELLPADDING=\"0\" CELLSPACING=\"0\"><\/p>\n<tr>\n<td width=\"53%\">Artikelnummer:<\/td>\n<td width=\"47%\"><strong>29\/25<\/strong><\/td>\n<\/tr>\n<p><\/p>\n<tr>\n<td>Inhalt<\/td>\n<td><strong>0,75 Ltr.<\/strong><\/td>\n<\/tr>\n<p><\/p>\n<tr>\n<td>Preis\/Ltr.<\/td>\n<td><strong>13,07 EUR pro Ltr.<\/strong><\/td>\n<\/tr>\n<p><\/p>\n<tr>\n<td>Weinart:<\/td>\n<td><strong>Wei\u00dfwein<\/strong><\/td>\n<\/tr>\n<p><\/p>\n<tr>\n<td>Qualit&auml;tsstufe<\/td>\n<td><strong>Kabinett<\/strong><\/td>\n<\/tr>\n<p><\/p>\n<tr>\n<td>Rebsorte<\/td>\n<td><strong>Riesling<\/strong><\/td>\n<\/tr>\n<p><\/p>\n<tr>\n<td>Restzuckergehalt<\/td>\n<td><strong>40 g\/Ltr.<\/strong><\/td>\n<\/tr>\n<p><\/p>\n<tr>\n<td>Alkoholgehalt<\/td>\n<td><strong>11,0 Vol. %<\/strong><\/td>\n<\/tr>\n<p><\/p>\n<tr>\n<td>Bio:<\/td>\n<td><strong>NEIN<\/strong><\/td>\n<\/tr>\n<p><\/p>\n<tr>\n<td>vegan:<\/td>\n<td><strong>JA<\/strong><\/td>\n<\/tr>\n<p><\/p>\n<tr>\n<td>enth\u00e4lt Allergene:<\/td>\n<td><strong>Enth\u00e4lt Sulfite<\/strong><\/td>\n<\/tr>\n<p><\/table>\n","protected":false},"excerpt":{"rendered":"<p>Eleganter und feinfruchtiger Riesling mit toller S\u00fc\u00dfe-S\u00e4ure-Balance. Hier bringt die Leichtigkeit so richtig Spa\u00df ins Glas. Unbedingt probieren! Artikelnummer: 29\/25 Inhalt 0,75 Ltr. Preis\/Ltr. 13,07 EUR pro Ltr. Weinart: Wei\u00dfwein Qualit&auml;tsstufe Kabinett Rebsorte Riesling Restzuckergehalt 40 g\/Ltr. Alkoholgehalt 11,0 Vol. % Bio: NEIN vegan: JA enth\u00e4lt Allergene: Enth\u00e4lt Sulfite<\/p>\n","protected":false},"featured_media":13154,"template":"","meta":[],"product_brand":[],"product_cat":[832],"product_tag":[],"class_list":{"0":"post-14407","1":"product","2":"type-product","3":"status-publish","4":"has-post-thumbnail","6":"product_cat-fruchtige-und-edelsuesse-weine","8":"first","9":"instock","10":"taxable","11":"shipping-taxable","12":"purchasable","13":"product-type-simple"},"_links":{"self":[{"href":"https:\/\/weingut-seehof.de\/shop\/index.php?rest_route=\/wp\/v2\/product\/14407","targetHints":{"allow":["GET"]}}],"collection":[{"href":"https:\/\/weingut-seehof.de\/shop\/index.php?rest_route=\/wp\/v2\/product"}],"about":[{"href":"https:\/\/weingut-seehof.de\/shop\/index.php?rest_route=\/wp\/v2\/types\/product"}],"wp:featuredmedia":[{"embeddable":true,"href":"https:\/\/weingut-seehof.de\/shop\/index.php?rest_route=\/wp\/v2\/media\/13154"}],"wp:attachment":[{"href":"https:\/\/weingut-seehof.de\/shop\/index.php?rest_route=%2Fwp%2Fv2%2Fmedia&parent=14407"}],"wp:term":[{"taxonomy":"product_brand","embeddable":true,"href":"https:\/\/weingut-seehof.de\/shop\/index.php?rest_route=%2Fwp%2Fv2%2Fproduct_brand&post=14407"},{"taxonomy":"product_cat","embeddable":true,"href":"https:\/\/weingut-seehof.de\/shop\/index.php?rest_route=%2Fwp%2Fv2%2Fproduct_cat&post=14407"},{"taxonomy":"product_tag","embeddable":true,"href":"https:\/\/weingut-seehof.de\/shop\/index.php?rest_route=%2Fwp%2Fv2%2Fproduct_tag&post=14407"}],"curies":[{"name":"wp","href":"https:\/\/api.w.org\/{rel}","templated":true}]}}