{"id":14405,"date":"2026-03-04T09:48:39","date_gmt":"2026-03-04T07:48:39","guid":{"rendered":"https:\/\/weingut-seehof.de\/shop\/?product=artikel-nr-17-252025-westhofener-vom-kalkstein-auxerrois-qualitaetswein-trocken-130-vol-alk-075l"},"modified":"2026-03-04T09:48:39","modified_gmt":"2026-03-04T07:48:39","slug":"artikel-nr-17-252025-westhofener-vom-kalkstein-auxerrois-qualitaetswein-trocken-130-vol-alk-075l","status":"publish","type":"product","link":"https:\/\/weingut-seehof.de\/shop\/?product=artikel-nr-17-252025-westhofener-vom-kalkstein-auxerrois-qualitaetswein-trocken-130-vol-alk-075l","title":{"rendered":"<br>Artikel-Nr.: 17\/25<br>2025 Westhofener &#8222;vom Kalkstein&#8220; Auxerrois Qualit\u00e4tswein  trocken 13,0 vol. Alk. 0,75l<br>"},"content":{"rendered":"<p><!-- IBGHTML --><!-- IBGHTML -->Sanfte S\u00e4ure und filigrane Frucht gepaart mit feiner Mineralit\u00e4t. -Geheimtipp-<\/p>\n<table WIDTH=\"60%\" BORDER=\"0\" align=\"left\" CELLPADDING=\"0\" CELLSPACING=\"0\"><\/p>\n<tr>\n<td width=\"53%\">Artikelnummer:<\/td>\n<td width=\"47%\"><strong>17\/25<\/strong><\/td>\n<\/tr>\n<p><\/p>\n<tr>\n<td>Inhalt<\/td>\n<td><strong>0,75 Ltr.<\/strong><\/td>\n<\/tr>\n<p><\/p>\n<tr>\n<td>Preis\/Ltr.<\/td>\n<td><strong>13,07 EUR pro Ltr.<\/strong><\/td>\n<\/tr>\n<p><\/p>\n<tr>\n<td>Weinart:<\/td>\n<td><strong>Wei\u00dfwein<\/strong><\/td>\n<\/tr>\n<p><\/p>\n<tr>\n<td>Qualit&auml;tsstufe<\/td>\n<td><strong>Qualit\u00e4tswein<\/strong><\/td>\n<\/tr>\n<p><\/p>\n<tr>\n<td>Rebsorte<\/td>\n<td><strong>Auxerrois<\/strong><\/td>\n<\/tr>\n<p><\/p>\n<tr>\n<td>Restzuckergehalt<\/td>\n<td><strong>3,4 g\/Ltr.<\/strong><\/td>\n<\/tr>\n<p><\/p>\n<tr>\n<td>Alkoholgehalt<\/td>\n<td><strong>13,5 Vol. %<\/strong><\/td>\n<\/tr>\n<p><\/p>\n<tr>\n<td>Bio:<\/td>\n<td><strong>NEIN<\/strong><\/td>\n<\/tr>\n<p><\/p>\n<tr>\n<td>vegan:<\/td>\n<td><strong>JA<\/strong><\/td>\n<\/tr>\n<p><\/p>\n<tr>\n<td>enth\u00e4lt Allergene:<\/td>\n<td><strong>Enth\u00e4lt Sulfite<\/strong><\/td>\n<\/tr>\n<p><\/table>\n","protected":false},"excerpt":{"rendered":"<p>Sanfte S\u00e4ure und filigrane Frucht gepaart mit feiner Mineralit\u00e4t. -Geheimtipp- Artikelnummer: 17\/25 Inhalt 0,75 Ltr. Preis\/Ltr. 13,07 EUR pro Ltr. Weinart: Wei\u00dfwein Qualit&auml;tsstufe Qualit\u00e4tswein Rebsorte Auxerrois Restzuckergehalt 3,4 g\/Ltr. Alkoholgehalt 13,5 Vol. % Bio: NEIN vegan: JA enth\u00e4lt Allergene: Enth\u00e4lt Sulfite<\/p>\n","protected":false},"featured_media":14066,"template":"","meta":[],"product_brand":[],"product_cat":[828],"product_tag":[],"class_list":{"0":"post-14405","1":"product","2":"type-product","3":"status-publish","4":"has-post-thumbnail","6":"product_cat-ortsweine","8":"first","9":"instock","10":"taxable","11":"shipping-taxable","12":"purchasable","13":"product-type-simple"},"_links":{"self":[{"href":"https:\/\/weingut-seehof.de\/shop\/index.php?rest_route=\/wp\/v2\/product\/14405","targetHints":{"allow":["GET"]}}],"collection":[{"href":"https:\/\/weingut-seehof.de\/shop\/index.php?rest_route=\/wp\/v2\/product"}],"about":[{"href":"https:\/\/weingut-seehof.de\/shop\/index.php?rest_route=\/wp\/v2\/types\/product"}],"wp:featuredmedia":[{"embeddable":true,"href":"https:\/\/weingut-seehof.de\/shop\/index.php?rest_route=\/wp\/v2\/media\/14066"}],"wp:attachment":[{"href":"https:\/\/weingut-seehof.de\/shop\/index.php?rest_route=%2Fwp%2Fv2%2Fmedia&parent=14405"}],"wp:term":[{"taxonomy":"product_brand","embeddable":true,"href":"https:\/\/weingut-seehof.de\/shop\/index.php?rest_route=%2Fwp%2Fv2%2Fproduct_brand&post=14405"},{"taxonomy":"product_cat","embeddable":true,"href":"https:\/\/weingut-seehof.de\/shop\/index.php?rest_route=%2Fwp%2Fv2%2Fproduct_cat&post=14405"},{"taxonomy":"product_tag","embeddable":true,"href":"https:\/\/weingut-seehof.de\/shop\/index.php?rest_route=%2Fwp%2Fv2%2Fproduct_tag&post=14405"}],"curies":[{"name":"wp","href":"https:\/\/api.w.org\/{rel}","templated":true}]}}