{"id":14000,"date":"2025-03-19T12:10:50","date_gmt":"2025-03-19T10:10:50","guid":{"rendered":"https:\/\/weingut-seehof.de\/shop\/?product=artikel-nr-13-242024-rheinhessen-gruener-silvaner-trocken-qualitaetswein-075l-120-vol-alk"},"modified":"2026-03-25T09:32:26","modified_gmt":"2026-03-25T07:32:26","slug":"artikel-nr-13-242024-rheinhessen-gruener-silvaner-trocken-qualitaetswein-075l-120-vol-alk","status":"publish","type":"product","link":"https:\/\/weingut-seehof.de\/shop\/?product=artikel-nr-13-242024-rheinhessen-gruener-silvaner-trocken-qualitaetswein-075l-120-vol-alk","title":{"rendered":"<br>Artikel-Nr.: 13\/24<br>2024 Rheinhessen Gr\u00fcner Silvaner trocken Qualit\u00e4tswein  0,75l 12,0 vol. Alk.<br>"},"content":{"rendered":"<p><!-- IBGHTML --><!-- IBGHTML -->Duft nach frischen Kr\u00e4utern und Heu. W\u00fcrziger Silvaner mit sanfter S\u00e4ure.<\/p>\n<table WIDTH=\"60%\" BORDER=\"0\" align=\"left\" CELLPADDING=\"0\" CELLSPACING=\"0\"><\/p>\n<tr>\n<td width=\"53%\">Artikelnummer:<\/td>\n<td width=\"47%\"><strong>13\/24<\/strong><\/td>\n<\/tr>\n<p><\/p>\n<tr>\n<td>Inhalt<\/td>\n<td><strong>0,75 Ltr.<\/strong><\/td>\n<\/tr>\n<p><\/p>\n<tr>\n<td>Preis\/Ltr.<\/td>\n<td><strong>10,40 EUR pro Ltr.<\/strong><\/td>\n<\/tr>\n<p><\/p>\n<tr>\n<td>Weinart:<\/td>\n<td><strong>Wei\u00dfwein<\/strong><\/td>\n<\/tr>\n<p><\/p>\n<tr>\n<td>Qualit&auml;tsstufe<\/td>\n<td><strong>Qualit\u00e4tswein<\/strong><\/td>\n<\/tr>\n<p><\/p>\n<tr>\n<td>Rebsorte<\/td>\n<td><strong>Gr\u00fcner Silvaner<\/strong><\/td>\n<\/tr>\n<p><\/p>\n<tr>\n<td>Restzuckergehalt<\/td>\n<td><strong>1,3 g\/Ltr.<\/strong><\/td>\n<\/tr>\n<p><\/p>\n<tr>\n<td>Alkoholgehalt<\/td>\n<td><strong>12,0 Vol. %<\/strong><\/td>\n<\/tr>\n<p><\/p>\n<tr>\n<td>Bio:<\/td>\n<td><strong>NEIN<\/strong><\/td>\n<\/tr>\n<p><\/p>\n<tr>\n<td>vegan:<\/td>\n<td><strong>JA<\/strong><\/td>\n<\/tr>\n<p><\/p>\n<tr>\n<td>enth\u00e4lt Allergene:<\/td>\n<td><strong>Enth\u00e4lt Sulfite<\/strong><\/td>\n<\/tr>\n<p><\/table>\n","protected":false},"excerpt":{"rendered":"<p>Duft nach frischen Kr\u00e4utern und Heu. W\u00fcrziger Silvaner mit sanfter S\u00e4ure. Artikelnummer: 13\/24 Inhalt 0,75 Ltr. Preis\/Ltr. 10,40 EUR pro Ltr. Weinart: Wei\u00dfwein Qualit&auml;tsstufe Qualit\u00e4tswein Rebsorte Gr\u00fcner Silvaner Restzuckergehalt 1,3 g\/Ltr. Alkoholgehalt 12,0 Vol. % Bio: NEIN vegan: JA enth\u00e4lt Allergene: Enth\u00e4lt Sulfite<\/p>\n","protected":false},"featured_media":13704,"template":"","meta":[],"product_brand":[],"product_cat":[827],"product_tag":[],"class_list":{"0":"post-14000","1":"product","2":"type-product","3":"status-publish","4":"has-post-thumbnail","6":"product_cat-gutsweine","8":"first","9":"instock","10":"taxable","11":"shipping-taxable","12":"purchasable","13":"product-type-simple"},"_links":{"self":[{"href":"https:\/\/weingut-seehof.de\/shop\/index.php?rest_route=\/wp\/v2\/product\/14000","targetHints":{"allow":["GET"]}}],"collection":[{"href":"https:\/\/weingut-seehof.de\/shop\/index.php?rest_route=\/wp\/v2\/product"}],"about":[{"href":"https:\/\/weingut-seehof.de\/shop\/index.php?rest_route=\/wp\/v2\/types\/product"}],"wp:featuredmedia":[{"embeddable":true,"href":"https:\/\/weingut-seehof.de\/shop\/index.php?rest_route=\/wp\/v2\/media\/13704"}],"wp:attachment":[{"href":"https:\/\/weingut-seehof.de\/shop\/index.php?rest_route=%2Fwp%2Fv2%2Fmedia&parent=14000"}],"wp:term":[{"taxonomy":"product_brand","embeddable":true,"href":"https:\/\/weingut-seehof.de\/shop\/index.php?rest_route=%2Fwp%2Fv2%2Fproduct_brand&post=14000"},{"taxonomy":"product_cat","embeddable":true,"href":"https:\/\/weingut-seehof.de\/shop\/index.php?rest_route=%2Fwp%2Fv2%2Fproduct_cat&post=14000"},{"taxonomy":"product_tag","embeddable":true,"href":"https:\/\/weingut-seehof.de\/shop\/index.php?rest_route=%2Fwp%2Fv2%2Fproduct_tag&post=14000"}],"curies":[{"name":"wp","href":"https:\/\/api.w.org\/{rel}","templated":true}]}}